{"id":425,"date":"2024-06-06T08:27:59","date_gmt":"2024-06-06T08:27:59","guid":{"rendered":"http:\/\/new.refashionable.eu\/?page_id=425"},"modified":"2026-03-16T11:53:47","modified_gmt":"2026-03-16T11:53:47","slug":"contact","status":"publish","type":"page","link":"https:\/\/www.refashionable.eu\/it\/contact\/","title":{"rendered":"CONTATTO"},"content":{"rendered":"<div class=\"vce-row-container\"><div class=\"vce-row vce-element--has-background vce-row--col-gap-30 vce-row-full-height vce-row-equal-height vce-row-columns--top vce-row-content--top\" data-vce-full-width=\"true\" id=\"el-1ace93c0\" data-vce-do-apply=\"all el-1ace93c0\"><div class=\"vce-content-background-container\"><\/div><div class=\"vce-row-content\" data-vce-element-content=\"true\"><div class=\"vce-col vce-col--md-19p vce-col--xs-1 vce-col--xs-last vce-col--xs-first vce-col--sm-last vce-col--sm-first vce-col--md-first vce-col--lg-first vce-col--xl-first\" id=\"el-b35ceb55\"><div class=\"vce-col-inner\" data-vce-do-apply=\"border margin background  el-b35ceb55\"><div class=\"vce-col-content\" data-vce-element-content=\"true\" data-vce-do-apply=\"padding el-b35ceb55\"><div class=\"vce-single-image-container vce-single-image--align-left\"><div class=\"vce vce-single-image-wrapper\" id=\"el-70db1615\" data-vce-do-apply=\"all el-70db1615\"><figure><div class=\"vce-single-image-figure-inner\"><div class=\"vce-single-image-inner vce-single-image--absolute\" style=\"width: 100%;\"><img loading=\"lazy\" decoding=\"async\" class=\"vce-single-image\"  width=\"0\" height=\"0\" src=\"https:\/\/new.refashionable.eu\/wp-content\/uploads\/2024\/05\/Refashionable-e1717061797358.png\" data-img-src=\"http:\/\/new.refashionable.eu\/wp-content\/uploads\/2024\/05\/Refashionable-e1717061797358.png\" data-attachment-id=\"315\"  alt=\"\" title=\"Refashionable\" \/><\/div><\/div><figcaption hidden=\"\"><\/figcaption><\/figure><\/div><\/div><\/div><\/div><\/div><div class=\"vce-col vce-col--md-81p vce-col--xs-1 vce-col--xs-last vce-col--xs-first vce-col--sm-last vce-col--sm-first vce-col--md-last vce-col--lg-last vce-col--xl-last\" id=\"el-f1b9803b\"><div class=\"vce-col-inner\" data-vce-do-apply=\"border margin background  el-f1b9803b\"><div class=\"vce-col-content\" data-vce-element-content=\"true\" data-vce-do-apply=\"padding el-f1b9803b\"><div class=\"vce-basic-menu-container\" id=\"el-637b672b\" data-vce-basic-menu=\"true\" data-vce-basic-menu-to-sandwich=\"false\"><div class=\"vce-basic-menu-inner vce vce-basic-menu--style-text--color-3E3D3D vce-basic-menu--style-underline--color-b-0-0-0 vce-basic-menu--style-sub-menu-text--color-3E3D3D vce-basic-menu--style-sub-menu-background--color-ffffff vce-basic-menu--style-sub-menu-outline--color-EDEDED\" data-vce-do-apply=\"margin padding border background  el-637b672b\"><div class=\"vce-basic-menu\" style=\"font-size: 16px;\"><div class=\"vce-basic-menu-wrapper vce-basic-menu--alignment-right\"><nav class=\"menu-menu-ppal-container\"><ul  class=\"menu\"><li class=\"menu-item menu-item-type-post_type menu-item-object-page menu-item-home menu-item-351\"><a href=\"https:\/\/www.refashionable.eu\/it\/\">Re-fashionable<\/a><\/li>\n<li class=\"menu-item menu-item-type-post_type menu-item-object-page menu-item-352\"><a href=\"https:\/\/www.refashionable.eu\/it\/about\/\">A PROPOSITO DEL PROGETTO<\/a><\/li>\n<li class=\"menu-item menu-item-type-post_type menu-item-object-page menu-item-368\"><a href=\"https:\/\/www.refashionable.eu\/it\/partners\/\">PARTNER<\/a><\/li>\n<li class=\"menu-item menu-item-type-post_type menu-item-object-page menu-item-609\"><a href=\"https:\/\/www.refashionable.eu\/it\/project-results\/\">Risultati del progetto<\/a><\/li>\n<li class=\"menu-item menu-item-type-post_type menu-item-object-page menu-item-418\"><a href=\"https:\/\/www.refashionable.eu\/it\/blog\/\">BLOG<\/a><\/li>\n<li class=\"menu-item menu-item-type-post_type menu-item-object-page menu-item-430\"><a href=\"https:\/\/www.refashionable.eu\/it\/contact\/\">CONTATTO<\/a><\/li>\n<\/ul><\/nav><\/div><\/div><\/div><\/div><\/div><\/div><\/div><div class=\"vce-col vce-col--md-50p vce-col--xs-1 vce-col--xs-last vce-col--xs-first vce-col--sm-last vce-col--sm-first vce-col--md-first vce-col--lg-first vce-col--xl-first\" id=\"el-daa0775a\"><div class=\"vce-col-inner\" data-vce-do-apply=\"border margin background  el-daa0775a\"><div class=\"vce-col-content\" data-vce-element-content=\"true\" data-vce-do-apply=\"padding el-daa0775a\"><div class=\"vce-text-block\"><div class=\"vce-text-block-wrapper vce\" id=\"el-7abacb52\" data-vce-do-apply=\"all el-7abacb52\"><h2><span style=\"color: #ffffff; font-family: Lato; font-weight: bold; font-style: normal; font-size: 42pt;\">Saremmo felici di ricevere il tuo parere!<\/span><\/h2>\n<p><span style=\"font-size: 24pt; color: #ffffff;\">Hai una domanda da farci, un feedback da darci o semplicemente vuoi dirci ciao? Contattaci all'indirizzo e-mail refashionable@gmail.com<\/span><\/p><\/div><\/div><\/div><\/div><\/div><div class=\"vce-col vce-col--md-50p vce-col--xs-1 vce-col--xs-last vce-col--xs-first vce-col--sm-last vce-col--sm-first vce-col--md-last vce-col--lg-last vce-col--xl-last\" id=\"el-724eb0cf\"><div class=\"vce-col-inner\" data-vce-do-apply=\"border margin background  el-724eb0cf\"><div class=\"vce-col-content\" data-vce-element-content=\"true\" data-vce-do-apply=\"padding el-724eb0cf\"><div class=\"vce-instagram-image\"><div class=\"vce-instagram-image-wrapper vce\" id=\"el-68326abf\" data-vce-do-apply=\"all el-68326abf\"><blockquote class=\"instagram-media\" data-instgrm-captioned=\"\" data-instgrm-permalink=\"https:\/\/www.instagram.com\/p\/C7zaevrstTx\/?utm_source=ig_embed&amp;utm_campaign=loading\" data-instgrm-version=\"14\" style=\" background:#FFF; border:0; border-radius:3px; box-shadow:0 0 1px 0 rgba(0,0,0,0.5),0 1px 10px 0 rgba(0,0,0,0.15); margin: 1px; max-width:540px; min-width:326px; padding:0; width:99.375%; width:-webkit-calc(100% - 2px); width:calc(100% - 2px);\"><div style=\"padding:16px;\"> <a href=\"https:\/\/www.instagram.com\/p\/C7zaevrstTx\/?utm_source=ig_embed&amp;utm_campaign=loading\" style=\" background:#FFFFFF; line-height:0; padding:0 0; text-align:center; text-decoration:none; width:100%;\" target=\"_blank\"> <div style=\" display: flex; flex-direction: row; align-items: center;\"> <div style=\"background-color: #F4F4F4; border-radius: 50%; flex-grow: 0; height: 40px; margin-right: 14px; width: 40px;\"><\/div> <div style=\"display: flex; flex-direction: column; flex-grow: 1; justify-content: center;\"> <div style=\" background-color: #F4F4F4; border-radius: 4px; flex-grow: 0; height: 14px; margin-bottom: 6px; width: 100px;\"><\/div> <div style=\" background-color: #F4F4F4; border-radius: 4px; flex-grow: 0; height: 14px; width: 60px;\"><\/div><\/div><\/div><div style=\"padding: 19% 0;\"><\/div> <div style=\"display:block; height:50px; margin:0 auto 12px; width:50px;\"><svg width=\"50px\" height=\"50px\" viewbox=\"0 0 60 60\" version=\"1.1\" xmlns=\"https:\/\/www.w3.org\/2000\/svg\" xmlns:xlink=\"https:\/\/www.w3.org\/1999\/xlink\"><g stroke=\"none\" stroke-width=\"1\" fill=\"none\" fill-rule=\"evenodd\"><g transform=\"translate(-511.000000, -20.000000)\" fill=\"#000000\"><g><path d=\"M556.869,30.41 C554.814,30.41 553.148,32.076 553.148,34.131 C553.148,36.186 554.814,37.852 556.869,37.852 C558.924,37.852 560.59,36.186 560.59,34.131 C560.59,32.076 558.924,30.41 556.869,30.41 M541,60.657 C535.114,60.657 530.342,55.887 530.342,50 C530.342,44.114 535.114,39.342 541,39.342 C546.887,39.342 551.658,44.114 551.658,50 C551.658,55.887 546.887,60.657 541,60.657 M541,33.886 C532.1,33.886 524.886,41.1 524.886,50 C524.886,58.899 532.1,66.113 541,66.113 C549.9,66.113 557.115,58.899 557.115,50 C557.115,41.1 549.9,33.886 541,33.886 M565.378,62.101 C565.244,65.022 564.756,66.606 564.346,67.663 C563.803,69.06 563.154,70.057 562.106,71.106 C561.058,72.155 560.06,72.803 558.662,73.347 C557.607,73.757 556.021,74.244 553.102,74.378 C549.944,74.521 548.997,74.552 541,74.552 C533.003,74.552 532.056,74.521 528.898,74.378 C525.979,74.244 524.393,73.757 523.338,73.347 C521.94,72.803 520.942,72.155 519.894,71.106 C518.846,70.057 518.197,69.06 517.654,67.663 C517.244,66.606 516.755,65.022 516.623,62.101 C516.479,58.943 516.448,57.996 516.448,50 C516.448,42.003 516.479,41.056 516.623,37.899 C516.755,34.978 517.244,33.391 517.654,32.338 C518.197,30.938 518.846,29.942 519.894,28.894 C520.942,27.846 521.94,27.196 523.338,26.654 C524.393,26.244 525.979,25.756 528.898,25.623 C532.057,25.479 533.004,25.448 541,25.448 C548.997,25.448 549.943,25.479 553.102,25.623 C556.021,25.756 557.607,26.244 558.662,26.654 C560.06,27.196 561.058,27.846 562.106,28.894 C563.154,29.942 563.803,30.938 564.346,32.338 C564.756,33.391 565.244,34.978 565.378,37.899 C565.522,41.056 565.552,42.003 565.552,50 C565.552,57.996 565.522,58.943 565.378,62.101 M570.82,37.631 C570.674,34.438 570.167,32.258 569.425,30.349 C568.659,28.377 567.633,26.702 565.965,25.035 C564.297,23.368 562.623,22.342 560.652,21.575 C558.743,20.834 556.562,20.326 553.369,20.18 C550.169,20.033 549.148,20 541,20 C532.853,20 531.831,20.033 528.631,20.18 C525.438,20.326 523.257,20.834 521.349,21.575 C519.376,22.342 517.703,23.368 516.035,25.035 C514.368,26.702 513.342,28.377 512.574,30.349 C511.834,32.258 511.326,34.438 511.181,37.631 C511.035,40.831 511,41.851 511,50 C511,58.147 511.035,59.17 511.181,62.369 C511.326,65.562 511.834,67.743 512.574,69.651 C513.342,71.625 514.368,73.296 516.035,74.965 C517.703,76.634 519.376,77.658 521.349,78.425 C523.257,79.167 525.438,79.673 528.631,79.82 C531.831,79.965 532.853,80.001 541,80.001 C549.148,80.001 550.169,79.965 553.369,79.82 C556.562,79.673 558.743,79.167 560.652,78.425 C562.623,77.658 564.297,76.634 565.965,74.965 C567.633,73.296 568.659,71.625 569.425,69.651 C570.167,67.743 570.674,65.562 570.82,62.369 C570.966,59.17 571,58.147 571,50 C571,41.851 570.966,40.831 570.82,37.631\"><\/path><\/g><\/g><\/g><\/svg><\/div><div style=\"padding-top: 8px;\"> <div style=\" color:#3897f0; font-family:Arial,sans-serif; font-size:14px; font-style:normal; font-weight:550; line-height:18px;\">Ver esta publicaci\u00f3n en Instagram<\/div><\/div><div style=\"padding: 12.5% 0;\"><\/div> <div style=\"display: flex; flex-direction: row; margin-bottom: 14px; align-items: center;\"><div> <div style=\"background-color: #F4F4F4; border-radius: 50%; height: 12.5px; width: 12.5px; transform: translateX(0px) translateY(7px);\"><\/div> <div style=\"background-color: #F4F4F4; height: 12.5px; transform: rotate(-45deg) translateX(3px) translateY(1px); width: 12.5px; flex-grow: 0; margin-right: 14px; margin-left: 2px;\"><\/div> <div style=\"background-color: #F4F4F4; border-radius: 50%; height: 12.5px; width: 12.5px; transform: translateX(9px) translateY(-18px);\"><\/div><\/div><div style=\"margin-left: 8px;\"> <div style=\" background-color: #F4F4F4; border-radius: 50%; flex-grow: 0; height: 20px; width: 20px;\"><\/div> <div style=\" width: 0; height: 0; border-top: 2px solid transparent; border-left: 6px solid #f4f4f4; border-bottom: 2px solid transparent; transform: translateX(16px) translateY(-4px) rotate(30deg)\"><\/div><\/div><div style=\"margin-left: auto;\"> <div style=\" width: 0px; border-top: 8px solid #F4F4F4; border-right: 8px solid transparent; transform: translateY(16px);\"><\/div> <div style=\" background-color: #F4F4F4; flex-grow: 0; height: 12px; width: 16px; transform: translateY(-4px);\"><\/div> <div style=\" width: 0; height: 0; border-top: 8px solid #F4F4F4; border-left: 8px solid transparent; transform: translateY(-4px) translateX(8px);\"><\/div><\/div><\/div> <div style=\"display: flex; flex-direction: column; flex-grow: 1; justify-content: center; margin-bottom: 24px;\"> <div style=\" background-color: #F4F4F4; border-radius: 4px; flex-grow: 0; height: 14px; margin-bottom: 6px; width: 224px;\"><\/div> <div style=\" background-color: #F4F4F4; border-radius: 4px; flex-grow: 0; height: 14px; width: 144px;\"><\/div><\/div><\/a><p style=\" color:#c9c8cd; font-family:Arial,sans-serif; font-size:14px; line-height:17px; margin-bottom:0; margin-top:8px; overflow:hidden; padding:8px 0 7px; text-align:center; text-overflow:ellipsis; white-space:nowrap;\"><a href=\"https:\/\/www.instagram.com\/p\/C7zaevrstTx\/?utm_source=ig_embed&amp;utm_campaign=loading\" style=\" color:#c9c8cd; font-family:Arial,sans-serif; font-size:14px; font-style:normal; font-weight:normal; line-height:17px; text-decoration:none;\" target=\"_blank\">Una publicaci\u00f3n compartida de Refashionable (@re_fashionable_eu)<\/a><\/p><\/div><\/blockquote> <script async=\"\" src=\"\/\/www.instagram.com\/embed.js\"><\/script><\/div><\/div><\/div><\/div><\/div><\/div><\/div><\/div><div class=\"vce-row-container\"><div class=\"vce-row vce-element--has-background vce-row--col-gap-30 vce-row-equal-height vce-row-content--top\" data-vce-full-width=\"true\" id=\"el-ac785c21\" data-vce-do-apply=\"all el-ac785c21\"><div class=\"vce-content-background-container\"><\/div><div class=\"vce-row-content\" data-vce-element-content=\"true\"><div class=\"vce-col vce-col--md-26p vce-col--xs-1 vce-col--xs-last vce-col--xs-first vce-col--sm-last vce-col--sm-first vce-col--md-first vce-col--lg-first vce-col--xl-first\" id=\"el-e073e0f4\"><div class=\"vce-col-inner\" data-vce-do-apply=\"border margin background  el-e073e0f4\"><div class=\"vce-col-content\" data-vce-element-content=\"true\" data-vce-do-apply=\"padding el-e073e0f4\"><div class=\"vce-single-image-container vce-single-image--align-left\"><div class=\"vce vce-single-image-wrapper\" id=\"el-aa303db7\" data-vce-do-apply=\"all el-aa303db7\"><figure><div class=\"vce-single-image-figure-inner\" style=\"width: 1024px;\"><div class=\"vce-single-image-inner vce-single-image--absolute\" style=\"width: 100%; padding-bottom: 22.2656%;\"><img loading=\"lazy\" decoding=\"async\" class=\"vce-single-image\"  width=\"1024\" height=\"228\" srcset=\"https:\/\/www.refashionable.eu\/wp-content\/uploads\/2024\/05\/EN_Co-fundedbytheEU_RGB_WHITE-1024x228.png 1024w, https:\/\/www.refashionable.eu\/wp-content\/uploads\/2024\/05\/EN_Co-fundedbytheEU_RGB_WHITE-2048x457.png 2x, https:\/\/www.refashionable.eu\/wp-content\/uploads\/2024\/05\/EN_Co-fundedbytheEU_RGB_WHITE-320x71.png 320w, https:\/\/www.refashionable.eu\/wp-content\/uploads\/2024\/05\/EN_Co-fundedbytheEU_RGB_WHITE-480x107.png 480w, https:\/\/www.refashionable.eu\/wp-content\/uploads\/2024\/05\/EN_Co-fundedbytheEU_RGB_WHITE-800x178.png 800w\" src=\"https:\/\/www.refashionable.eu\/wp-content\/uploads\/2024\/05\/EN_Co-fundedbytheEU_RGB_WHITE-1024x228.png\" data-img-src=\"https:\/\/www.refashionable.eu\/wp-content\/uploads\/2024\/05\/EN_Co-fundedbytheEU_RGB_WHITE.png\" data-attachment-id=\"343\"  alt=\"\" title=\"EN_Co-fundedbytheEU_RGB_WHITE\" \/><\/div><\/div><figcaption hidden=\"\"><\/figcaption><\/figure><\/div><\/div><div class=\"vce-text-block\"><div class=\"vce-text-block-wrapper vce\" id=\"el-bf20a8ac\" data-vce-do-apply=\"all el-bf20a8ac\"><div class=\"vce-text-block\">\n<div id=\"el-d12bde54\" class=\"vce-text-block-wrapper vce\" data-vce-do-apply=\"all el-d12bde54\"><span style=\"color: #ffffff; font-family: Lato; font-size: 10pt;\">Project ID: <\/span><span style=\"color: #ffffff; font-family: Lato; font-size: 10pt;\">KA220-VET-5F9081FC<\/span>\n<div class=\"vce-text-block\">\n<div id=\"el-d12bde54\" class=\"vce-text-block-wrapper vce\" data-vce-do-apply=\"all el-d12bde54\">\n<div class=\"vce-text-block\">\n<div id=\"el-d12bde54\" class=\"vce-text-block-wrapper vce\" data-vce-do-apply=\"all el-d12bde54\">\n<p style=\"line-height: 1;\"><span style=\"font-family: Lato; font-size: 10pt; color: #ffffff;\">Finanziato dall'Unione europea. Le opinioni espresse appartengono, tuttavia, al solo o ai soli autori e non riflettono necessariamente le opinioni dell'Unione europea o dell\u2019Agenzia esecutiva europea per l\u2019istruzione e la cultura (EACEA). N\u00e9 l'Unione europea n\u00e9 l'EACEA possono esserne ritenute responsabili.<br><\/span><\/p>\n<\/div>\n<\/div>\n<\/div>\n<\/div>\n<\/div>\n<\/div><\/div><\/div><\/div><\/div><\/div><div class=\"vce-col vce-col--md-47p vce-col--xs-1 vce-col--xs-last vce-col--xs-first vce-col--sm-last vce-col--sm-first\" id=\"el-ec7e0a3a\"><div class=\"vce-col-inner\" data-vce-do-apply=\"border margin background  el-ec7e0a3a\"><div class=\"vce-col-content\" data-vce-element-content=\"true\" data-vce-do-apply=\"padding el-ec7e0a3a\"><div class=\"vcv-row-control-wrapper\"><\/div><\/div><\/div><\/div><div class=\"vce-col vce-col--md-27p vce-col--xs-1 vce-col--xs-last vce-col--xs-first vce-col--sm-last vce-col--sm-first vce-col--md-last vce-col--lg-last vce-col--xl-last\" id=\"el-0fb0b9b8\"><div class=\"vce-col-inner\" data-vce-do-apply=\"border margin background  el-0fb0b9b8\"><div class=\"vce-col-content\" data-vce-element-content=\"true\" data-vce-do-apply=\"padding el-0fb0b9b8\"><div class=\"vce-single-image-container vce-single-image--align-left\"><div class=\"vce vce-single-image-wrapper\" id=\"el-b55885cc\" data-vce-do-apply=\"all el-b55885cc\"><figure><div class=\"vce-single-image-figure-inner\"><div class=\"vce-single-image-inner vce-single-image--absolute\" style=\"width: 100%;\"><img loading=\"lazy\" decoding=\"async\" class=\"vce-single-image\"  width=\"0\" height=\"0\" src=\"https:\/\/new.refashionable.eu\/wp-content\/uploads\/2024\/05\/Refashionable-e1717061797358.png\" data-img-src=\"http:\/\/new.refashionable.eu\/wp-content\/uploads\/2024\/05\/Refashionable-e1717061797358.png\" data-attachment-id=\"315\"  alt=\"\" title=\"Refashionable\" \/><\/div><\/div><figcaption hidden=\"\"><\/figcaption><\/figure><\/div><\/div><div class=\"vce-text-block\"><div class=\"vce-text-block-wrapper vce\" id=\"el-0b30f146\" data-vce-do-apply=\"all el-0b30f146\"><div class=\"vce-text-block\">\n<div id=\"el-d12bde54\" class=\"vce-text-block-wrapper vce\" data-vce-do-apply=\"all el-d12bde54\">\n<div class=\"vce-text-block\">\n<div id=\"el-d12bde54\" class=\"vce-text-block-wrapper vce\" data-vce-do-apply=\"all el-d12bde54\">\n<div><span lang=\"EN-GB\" style=\"font-family: Lato; font-size: 10pt; color: #ffffff;\">Il nostro progetto allinea il settore dell'Istruzione e Formazione Professionale con l'industria della moda europea attraverso pratiche sostenibili, facilitate dal networking, dall'educazione e dalla collaborazione continua. Questo progetto supporta gli obiettivi ambientali promuovendo la sostenibilit\u00e0 e adattando l'istruzione professionale per rispondere meglio alle esigenze in evoluzione del mercato, contribuendo cos\u00ec allo sviluppo di un'industria della moda pi\u00f9 sostenibile e responsabile.<\/span><\/div>\n<\/div>\n<\/div>\n<\/div>\n<\/div><\/div><\/div><div class=\"vce-social-profile-icons vce vce-social-profile-icons--alignment-left\" id=\"el-5f7b2207\" data-vce-do-apply=\"all el-5f7b2207\" style=\"--gapPx: 10px; --iconColor: #DCDCDC;\"><div class=\"vce-social-profile-icons-inner\"><a class=\"vce-social-profile-icon\" href=\"https:\/\/www.facebook.com\/refashionable.eu\" title=\"Facebook\"><svg class=\"vce-social-icon-svg\" width=\"26px\" height=\"26px\" viewbox=\"0 0 26 26\" version=\"1.1\" xmlns=\"http:\/\/www.w3.org\/2000\/svg\"><g stroke=\"none\" stroke-width=\"1\" fill=\"none\" fill-rule=\"evenodd\" class=\"vce-social-icon-svg--default\"><g fill-rule=\"nonzero\"><path d=\"M12.90952,0 C5.79124,0 0,5.79124 0,12.90952 C0,20.02728 5.79124,25.81904 12.90952,25.81904 C20.02728,25.81904 25.81904,20.02728 25.81904,12.90952 C25.81904,5.79124 20.02832,0 12.90952,0 Z M16.12,13.364 L14.01972,13.364 C14.01972,16.71956 14.01972,20.84992 14.01972,20.84992 L10.90752,20.84992 C10.90752,20.84992 10.90752,16.7596 10.90752,13.364 L9.42812,13.364 L9.42812,10.71824 L10.90752,10.71824 L10.90752,9.00692 C10.90752,7.78128 11.48992,5.86612 14.04832,5.86612 L16.35452,5.87496 L16.35452,8.44324 C16.35452,8.44324 14.95312,8.44324 14.68064,8.44324 C14.40816,8.44324 14.02076,8.57948 14.02076,9.16396 L14.02076,10.71876 L16.39196,10.71876 L16.12,13.364 Z\"><\/path><\/g><\/g><g stroke=\"none\" stroke-width=\"1\" fill=\"none\" fill-rule=\"evenodd\"><g fill-rule=\"nonzero\" class=\"vce-social-icon-svg--active\"><path d=\"M12.90952,0 C5.79124,0 0,5.79124 0,12.90952 C0,20.02728 5.79124,25.81904 12.90952,25.81904 C20.02728,25.81904 25.81904,20.02728 25.81904,12.90952 C25.81904,5.79124 20.02832,0 12.90952,0 Z\" fill=\"#3B5998\"><\/path><path d=\"M16.12,13.364 L14.01972,13.364 C14.01972,16.71956 14.01972,20.84992 14.01972,20.84992 L10.90752,20.84992 C10.90752,20.84992 10.90752,16.7596 10.90752,13.364 L9.42812,13.364 L9.42812,10.71824 L10.90752,10.71824 L10.90752,9.00692 C10.90752,7.78128 11.48992,5.86612 14.04832,5.86612 L16.35452,5.87496 L16.35452,8.44324 C16.35452,8.44324 14.95312,8.44324 14.68064,8.44324 C14.40816,8.44324 14.02076,8.57948 14.02076,9.16396 L14.02076,10.71876 L16.39196,10.71876 L16.12,13.364 Z\" fill=\"#FFFFFF\"><\/path><\/g><\/g><\/svg><\/a><a class=\"vce-social-profile-icon\" href=\"https:\/\/www.instagram.com\/re_fashionable_eu\/\" title=\"Instagram\"><svg class=\"vce-social-icon-svg\" width=\"26px\" height=\"26px\" viewbox=\"0 0 26 26\" version=\"1.1\" xmlns=\"http:\/\/www.w3.org\/2000\/svg\"><defs><lineargradient x1=\"50%\" y1=\"0%\" x2=\"50%\" y2=\"100%\" id=\"vcv-social-icons-instagram-gradient-5f7b2207\"><stop stop-color=\"#7D22B7\" offset=\"0%\"><\/stop><stop stop-color=\"#DB8D40\" offset=\"100%\"><\/stop><\/lineargradient><\/defs><g stroke=\"none\" stroke-width=\"1\" fill=\"none\" fill-rule=\"evenodd\" class=\"vce-social-icon-svg--default\"><g fill-rule=\"nonzero\"><path d=\"M16.8292222,6.89866667 C18.0630667,6.89866667 19.0666667,7.90226667 19.0666667,9.13582222 L19.0666667,16.8641778 C19.0666667,18.0980222 18.0627778,19.1016222 16.8292222,19.1016222 L9.10086667,19.1016222 C7.86731111,19.1016222 6.86371111,18.0977333 6.86371111,16.8641778 L6.86371111,9.13582222 C6.86371111,7.90226667 7.86731111,6.89866667 9.10086667,6.89866667 L16.8292222,6.89866667 Z M12.9650444,17.0172889 C15.1799556,17.0172889 16.9823333,15.2149111 16.9823333,13 C16.9823333,10.7850889 15.1802444,8.983 12.9650444,8.983 C10.7501333,8.983 8.94804444,10.7850889 8.94804444,13 C8.94804444,15.2152 10.7501333,17.0172889 12.9650444,17.0172889 Z M17.1114667,9.81355556 C17.6355111,9.81355556 18.0619111,9.38715556 18.0619111,8.86311111 C18.0619111,8.33906667 17.6355111,7.91266667 17.1114667,7.91266667 C16.5871333,7.91266667 16.1607333,8.33906667 16.1607333,8.86311111 C16.1607333,9.38715556 16.5871333,9.81355556 17.1114667,9.81355556 Z M12.9650444,10.6805111 C14.2439556,10.6805111 15.2845333,11.7213778 15.2845333,12.9997111 C15.2845333,14.2789111 14.2442444,15.3197778 12.9650444,15.3197778 C11.6864222,15.3197778 10.6452667,14.2789111 10.6452667,12.9997111 C10.6452667,11.7210889 11.6864222,10.6805111 12.9650444,10.6805111 Z M12.9650444,1.86517468e-13 C20.1251556,1.86517468e-13 25.9300889,5.80493333 25.9300889,12.9650444 C25.9300889,20.1251556 20.1251556,25.9300889 12.9650444,25.9300889 C5.80493333,25.9300889 -4.08562073e-14,20.1251556 -4.08562073e-14,12.9650444 C-4.08562073e-14,5.80493333 5.80493333,1.86517468e-13 12.9650444,1.86517468e-13 Z M20.7638889,16.8641778 L20.7638889,9.13582222 C20.7638889,6.96626667 18.9990667,5.20115556 16.8292222,5.20115556 L9.10086667,5.20115556 C6.93131111,5.20115556 5.1662,6.96626667 5.1662,9.13582222 L5.1662,16.8641778 C5.1662,19.0340222 6.93131111,20.7988444 9.10086667,20.7988444 L16.8292222,20.7988444 C18.9990667,20.7988444 20.7638889,19.0340222 20.7638889,16.8641778 Z\"><\/path><\/g><\/g><g stroke=\"none\" stroke-width=\"1\" fill=\"none\" fill-rule=\"evenodd\" class=\"vce-social-icon-svg--active\"><rect fill=\"#FFFFFF\" x=\"3\" y=\"3\" width=\"20\" height=\"20\" rx=\"9.5\"><\/rect><path d=\"M16.8292222,6.89866667 C18.0630667,6.89866667 19.0666667,7.90226667 19.0666667,9.13582222 L19.0666667,16.8641778 C19.0666667,18.0980222 18.0627778,19.1016222 16.8292222,19.1016222 L9.10086667,19.1016222 C7.86731111,19.1016222 6.86371111,18.0977333 6.86371111,16.8641778 L6.86371111,9.13582222 C6.86371111,7.90226667 7.86731111,6.89866667 9.10086667,6.89866667 L16.8292222,6.89866667 Z M12.9650444,17.0172889 C15.1799556,17.0172889 16.9823333,15.2149111 16.9823333,13 C16.9823333,10.7850889 15.1802444,8.983 12.9650444,8.983 C10.7501333,8.983 8.94804444,10.7850889 8.94804444,13 C8.94804444,15.2152 10.7501333,17.0172889 12.9650444,17.0172889 Z M17.1114667,9.81355556 C17.6355111,9.81355556 18.0619111,9.38715556 18.0619111,8.86311111 C18.0619111,8.33906667 17.6355111,7.91266667 17.1114667,7.91266667 C16.5871333,7.91266667 16.1607333,8.33906667 16.1607333,8.86311111 C16.1607333,9.38715556 16.5871333,9.81355556 17.1114667,9.81355556 Z M12.9650444,10.6805111 C14.2439556,10.6805111 15.2845333,11.7213778 15.2845333,12.9997111 C15.2845333,14.2789111 14.2442444,15.3197778 12.9650444,15.3197778 C11.6864222,15.3197778 10.6452667,14.2789111 10.6452667,12.9997111 C10.6452667,11.7210889 11.6864222,10.6805111 12.9650444,10.6805111 Z M12.9650444,1.86517468e-13 C20.1251556,1.86517468e-13 25.9300889,5.80493333 25.9300889,12.9650444 C25.9300889,20.1251556 20.1251556,25.9300889 12.9650444,25.9300889 C5.80493333,25.9300889 -4.08562073e-14,20.1251556 -4.08562073e-14,12.9650444 C-4.08562073e-14,5.80493333 5.80493333,1.86517468e-13 12.9650444,1.86517468e-13 Z M20.7638889,16.8641778 L20.7638889,9.13582222 C20.7638889,6.96626667 18.9990667,5.20115556 16.8292222,5.20115556 L9.10086667,5.20115556 C6.93131111,5.20115556 5.1662,6.96626667 5.1662,9.13582222 L5.1662,16.8641778 C5.1662,19.0340222 6.93131111,20.7988444 9.10086667,20.7988444 L16.8292222,20.7988444 C18.9990667,20.7988444 20.7638889,19.0340222 20.7638889,16.8641778 Z\" fill=\"url(#vcv-social-icons-instagram-gradient-5f7b2207)\" fill-rule=\"nonzero\"><\/path><\/g><\/svg><\/a><\/div><\/div><\/div><\/div><\/div><\/div><\/div><\/div>","protected":false},"excerpt":{"rendered":"<p>We&#8217;d Love to Hear from You! Got a question, feedback, or just want to say hi? Contact us at refashionable2023@gmail.com Ver esta publicaci\u00f3n en Instagram Una publicaci\u00f3n compartida de Refashionable (@re_fashionable_eu) Project ID: KA220-VET-5F9081FC Funded by the European Union. Views and opinions expressed are however those of the author(s) only and do not necessarily reflect [&hellip;]<\/p>","protected":false},"author":1,"featured_media":0,"parent":0,"menu_order":0,"comment_status":"closed","ping_status":"closed","template":"","meta":{"_monsterinsights_skip_tracking":false,"_monsterinsights_sitenote_active":false,"_monsterinsights_sitenote_note":"","_monsterinsights_sitenote_category":0,"footnotes":""},"class_list":["post-425","page","type-page","status-publish","hentry"],"_links":{"self":[{"href":"https:\/\/www.refashionable.eu\/it\/wp-json\/wp\/v2\/pages\/425","targetHints":{"allow":["GET"]}}],"collection":[{"href":"https:\/\/www.refashionable.eu\/it\/wp-json\/wp\/v2\/pages"}],"about":[{"href":"https:\/\/www.refashionable.eu\/it\/wp-json\/wp\/v2\/types\/page"}],"author":[{"embeddable":true,"href":"https:\/\/www.refashionable.eu\/it\/wp-json\/wp\/v2\/users\/1"}],"replies":[{"embeddable":true,"href":"https:\/\/www.refashionable.eu\/it\/wp-json\/wp\/v2\/comments?post=425"}],"version-history":[{"count":11,"href":"https:\/\/www.refashionable.eu\/it\/wp-json\/wp\/v2\/pages\/425\/revisions"}],"predecessor-version":[{"id":846,"href":"https:\/\/www.refashionable.eu\/it\/wp-json\/wp\/v2\/pages\/425\/revisions\/846"}],"wp:attachment":[{"href":"https:\/\/www.refashionable.eu\/it\/wp-json\/wp\/v2\/media?parent=425"}],"curies":[{"name":"wp","href":"https:\/\/api.w.org\/{rel}","templated":true}]}}